{"id":281,"date":"2017-07-17T11:43:59","date_gmt":"2017-07-17T09:43:59","guid":{"rendered":"http:\/\/www.bluepolar.com\/?page_id=281"},"modified":"2017-12-08T16:36:57","modified_gmt":"2017-12-08T15:36:57","slug":"wij-slagen","status":"publish","type":"page","link":"https:\/\/www.bluepolar.com\/nl\/wij-slagen\/","title":{"rendered":"Wij slagen"},"content":{"rendered":"<p>[vc_row css_animation=&#8221;&#8221; row_type=&#8221;row&#8221; use_row_as_full_screen_section=&#8221;no&#8221; type=&#8221;full_width&#8221; angled_section=&#8221;no&#8221; text_align=&#8221;left&#8221; background_image_as_pattern=&#8221;without_pattern&#8221;][vc_column][rev_slider_vc alias=&#8221;we-sell&#8221;][\/vc_column][\/vc_row][vc_row css_animation=&#8221;&#8221; row_type=&#8221;row&#8221; use_row_as_full_screen_section=&#8221;no&#8221; type=&#8221;grid&#8221; angled_section=&#8221;no&#8221; text_align=&#8221;center&#8221; background_image_as_pattern=&#8221;without_pattern&#8221;][vc_column][vc_empty_space height=&#8221;75px&#8221;][vc_tabs style=&#8221;boxed&#8221;][vc_tab title=&#8221;Polar Personal Planner&#8221; tab_id=&#8221;91cd2c62-57ca-7&#8243;]<div class=\"q_image_with_text_over\"><div class=\"shader\" style = \"background-color: rgba(0,0,0,0.01)\"><\/div><img itemprop=\"image\" src=\"https:\/\/www.bluepolar.com\/wp-content\/uploads\/2017\/05\/shutterstock_152360879_1100x320.jpg\" alt=\"\" \/><div class=\"text\"><table><tr><td><h4 class=\"caption no_icon\" style=\"\"><\/h4><\/td><\/tr><\/table><table><tr><td><div class=\"desc\"><\/div><\/td><\/tr><\/table><\/div><\/div>[vc_empty_space height=&#8221;50px&#8221;][vc_column_text]<\/p>\n<h1 style=\"text-align: center;\">Polar Personal Planner:<br \/>\nEen verlofregistratie, personeelsplanning en urenverantwoording in \u00e9\u00e9n<\/h1>\n<p>[\/vc_column_text][vc_empty_space height=&#8221;50px&#8221;][vc_row_inner row_type=&#8221;row&#8221; type=&#8221;full_width&#8221; text_align=&#8221;left&#8221; css_animation=&#8221;&#8221;][vc_column_inner width=&#8221;6\/12&#8243;][vc_column_text]Heeft u veel parttime en\/of flexibel personeel met verschillende (verlof)uren in dienst? Dat kan voor verwarring zorgen. Wie is bijvoorbeeld wanneer aan- en afwezig? En wanneer is er onder- of overbezetting? Met Polar Personnel Planner heeft u de mogelijkheid om per medewerker het aantal werkuren door te geven. Hierna berekent de planningssoftware direct het jaarlijkse aantal verlofuren.<\/p>\n<p>&nbsp;<\/p>\n<p>Het bijzondere aan Polar Personnel Planner is dat alle medewerkers ingepland worden op basis van hun vaardigheden. U geeft per locatie of afdeling gedetailleerd aan hoeveel personen met welke vaardigheden u op specifieke momenten nodig heeft. De planner controleert of u deze planning haalt en helpt u (in geval van ondercapaciteit) met planningsvoorstellen.<\/p>\n<p>&nbsp;<\/p>\n<p>Handig: uw medewerkers kunnen zelf met een mobiele telefoon in Polar Personnel Planner inloggen, zodat zij verlof aan kunnen vragen en kunnen aangeven om extra te werken. Mocht er op een werkdag een onderbezetting in personeel zijn, dan ontvangt u direct een melding van de online planner.<\/p>\n<p>&nbsp;<\/p>\n<p>Zorgvuldige registratie zorgt voor grip op processen. Polar Personnel Planner geeft u de mogelijkheid om per medewerker het aantal gewerkte uren aan een project of activiteit te registreren. Deze medewerker heeft de beschikking over een inlogaccount met beperkte toegang en kan zo zelf de uren indienen. Met \u00e9\u00e9n druk op de knop krijgt u vervolgens een rapportage: nu heeft u een compleet overzicht van al uw medewerkers en de gewerkte uren. Ook helpt Polar Personnel Planner u en uw werknemers bij het vastleggen van kosten en kilometers.<\/p>\n<p>&nbsp;<\/p>\n<p>Bent u op zoek naar een verlofregistratie, urenregistratie, kosten-en kilometerregistratie en personeelsplanning in \u00e9\u00e9n? Neem voor meer informatie vandaag nog vrijblijvend contact met ons op![\/vc_column_text][vc_empty_space height=&#8221;25px&#8221;][\/vc_column_inner][vc_column_inner width=&#8221;1\/12&#8243;][\/vc_column_inner][vc_column_inner width=&#8221;5\/12&#8243; css=&#8221;.vc_custom_1500281034896{padding-top: 20px !important;padding-right: 20px !important;padding-bottom: 20px !important;padding-left: 20px !important;background-color: #009cdf !important;}&#8221;][vc_column_text]<\/p>\n<h3 style=\"text-align: left;\">Voordelen<\/h3>\n<p>[\/vc_column_text][vc_empty_space height=&#8221;10px&#8221;][vc_column_text]<\/p>\n<ul>\n<li><span style=\"color: #ffffff;\"><strong>Verlofregistratie, personeelsplanning \u00e9n urenverantwoording in \u00e9\u00e9n<\/strong><\/span><\/li>\n<li><span style=\"color: #ffffff;\"><strong>Onderbezetting snel gesignaleerd<\/strong><\/span><\/li>\n<li><span style=\"color: #ffffff;\"><strong>Rapportages van gewerkte uren aan projecten<\/strong><\/span><\/li>\n<li><span style=\"color: #ffffff;\"><strong>Registratie van kosten en kilometers<\/strong><\/span><\/li>\n<\/ul>\n<p>[\/vc_column_text][vc_empty_space height=&#8221;40px&#8221;][vc_column_text]<\/p>\n<h3 style=\"text-align: left;\">Nieuwsgiering wat wij voor u kunnen doen?<\/h3>\n<p>[\/vc_column_text][vc_empty_space height=&#8221;20px&#8221;]<a  itemprop=\"url\" href=\"https:\/\/www.bluepolar.com\/nl\/wij-verbinden\/\" target=\"_self\"  class=\"qbutton  white default\" style=\"\">Maak een afspraak<\/a>[\/vc_column_inner][\/vc_row_inner][vc_empty_space height=&#8221;50px&#8221;][\/vc_tab][vc_tab title=&#8221;Polar Virtual Service Desk&#8221; tab_id=&#8221;1495098010707-2-0&#8243;]<div class=\"q_image_with_text_over\"><div class=\"shader\" style = \"background-color: rgba(0,0,0,0.01)\"><\/div><img itemprop=\"image\" src=\"https:\/\/www.bluepolar.com\/wp-content\/uploads\/2017\/05\/shutterstock_342216803_1100x320.jpg\" alt=\"\" \/><div class=\"text\"><table><tr><td><h4 class=\"caption no_icon\" style=\"\"><\/h4><\/td><\/tr><\/table><table><tr><td><div class=\"desc\"><\/div><\/td><\/tr><\/table><\/div><\/div>[vc_empty_space height=&#8221;50px&#8221;][vc_column_text]<\/p>\n<h1 style=\"text-align: center;\">Polar Virtual Service Desk:<br \/>\nAl uw organisatieprocessen in \u00e9\u00e9n gestroomlijnd systeem<\/h1>\n<p>[\/vc_column_text][vc_empty_space height=&#8221;50px&#8221;][vc_row_inner row_type=&#8221;row&#8221; type=&#8221;full_width&#8221; text_align=&#8221;left&#8221; css_animation=&#8221;&#8221;][vc_column_inner width=&#8221;1\/2&#8243;][vc_column_text]Er zijn verschillende interne en externe partijen die diensten leveren. Dit kan in zijn totaliteit een complex karwei worden. Hoe complexer de veranderingen, hoe meer kans op fouten. Kies daarom liever voor overzicht.<\/p>\n<p>&nbsp;<\/p>\n<p>De Polar Virtual Service Desk is een gebruiksvriendelijk systeem, waarmee u (overkoepelende) bedrijfsprocessen, contractbeheer en integrale klachtenregistratie op \u00e9\u00e9n plek registreert. Gestandaardiseerde werkprocessen worden moeiteloos doorgevoerd naar andere afdelingen. De kans op overschrijding van doorlooptijden van vragen is klein, omdat medewerkers in een vroeg stadium eventuele achterstanden kunnen signaleren.<\/p>\n<p>&nbsp;<\/p>\n<p>Natuurlijk wilt u niet dat iedere medewerker volledig toegang heeft tot de Virtual Service Desk. Daarom zijn binnen het systeem verschillende toegangsniveaus ingebouwd. Het resultaat is een optimale beheersing van veilige toegang tot beperkte data.<\/p>\n<p>&nbsp;<\/p>\n<p>Nieuwsgierig hoe u uw organisatie kunt stroomlijnen via de Polar Virtual Service Desk? Neem vrijblijvend contact met ons op![\/vc_column_text][vc_empty_space height=&#8221;25px&#8221;][\/vc_column_inner][vc_column_inner width=&#8221;1\/12&#8243;][\/vc_column_inner][vc_column_inner width=&#8221;5\/12&#8243; css=&#8221;.vc_custom_1495102887452{padding-top: 20px !important;padding-right: 20px !important;padding-bottom: 20px !important;padding-left: 20px !important;background-color: #009cdf !important;}&#8221;][vc_column_text]<\/p>\n<h3 style=\"text-align: left;\">Voordelen<\/h3>\n<p>[\/vc_column_text][vc_empty_space height=&#8221;10px&#8221;][vc_column_text]<\/p>\n<ul>\n<li><span style=\"color: #ffffff;\"><strong>Gebruiksvriendelijk<\/strong><\/span><\/li>\n<li><span style=\"color: #ffffff;\"><strong>Alle werkprocessen op \u00e9\u00e9n plek<\/strong><\/span><\/li>\n<li><span style=\"color: #ffffff;\"><strong>Veilig beheer van data<\/strong><\/span><\/li>\n<li><span style=\"color: #ffffff;\"><strong>Achterstanden op tijd signaleren<\/strong><\/span><\/li>\n<\/ul>\n<p>[\/vc_column_text][vc_empty_space height=&#8221;40px&#8221;][vc_column_text]<\/p>\n<h3 style=\"text-align: left;\">Nieuwsgiering wat wij voor u kunnen doen?<\/h3>\n<p>[\/vc_column_text][vc_empty_space height=&#8221;20px&#8221;]<a  itemprop=\"url\" href=\"https:\/\/www.bluepolar.com\/nl\/wij-verbinden\/\" target=\"_self\"  class=\"qbutton  white default\" style=\"\">Maak een afspraak<\/a>[\/vc_column_inner][\/vc_row_inner][vc_empty_space height=&#8221;50px&#8221;][\/vc_tab][vc_tab title=&#8221;Polar Exam&#8221; tab_id=&#8221;1495098011699-3-2&#8243;]<div class=\"q_image_with_text_over\"><div class=\"shader\" style = \"background-color: rgba(0,0,0,0.01)\"><\/div><img itemprop=\"image\" src=\"https:\/\/www.bluepolar.com\/wp-content\/uploads\/2017\/05\/shutterstock_202254649_1100x320.jpg\" alt=\"\" \/><div class=\"text\"><table><tr><td><h4 class=\"caption no_icon\" style=\"\"><\/h4><\/td><\/tr><\/table><table><tr><td><div class=\"desc\"><\/div><\/td><\/tr><\/table><\/div><\/div>[vc_empty_space height=&#8221;50px&#8221;][vc_column_text]<\/p>\n<h1 style=\"text-align: center;\">Polar Exams:<br \/>\nEindeloos gemak voor u \u00e9n uw examenkandidaten<\/h1>\n<p>[\/vc_column_text][vc_empty_space height=&#8221;50px&#8221;][vc_row_inner row_type=&#8221;row&#8221; type=&#8221;full_width&#8221; text_align=&#8221;left&#8221; css_animation=&#8221;&#8221;][vc_column_inner width=&#8221;1\/2&#8243;][vc_column_text]Het nakijken van examens kan veel kostbare tijd in beslag nemen. Het examensysteem Polar Exams biedt uitkomst. Het ideale zit in het feit dat de papieren en online examens tegelijkertijd kunnen worden afgenomen \u00e9n nagekeken. Zo kunt u bijvoorbeeld een klein groepje kandidaten online examineren met behulp van tablets, terwijl u voor een grote groep gebruik maakt van papieren examens.<\/p>\n<p>&nbsp;<\/p>\n<p>De online examens worden gemaakt in de applicatie Polar Exams. Alle kandidaten krijgen een inlogaccount (met beperkte toegang) en een bevestiging van deelname. Hiermee kunnen zij hun examen op het afgesproken tijdstip starten. Als de kandidaat het examen heeft afgerond, is aan u de keus of u direct laat zien of de kandidaat geslaagd of gezakt is. Het systeem kijkt het examen immers direct na.<\/p>\n<p>&nbsp;<\/p>\n<p>Papieren examens lijken verleden tijd, maar bieden nog steeds een hoop voordelen. En al helemaal wanneer u deze examens niet zelf na hoeft te kijken. De voordelen van Polar Exams? Het examen wordt in Polar Exams gedefinieerd. U kunt verschillende versies aan kandidaten (random) laten toewijzen, zodat de kans op fraude minimaal is. Voor dit randomiseren kunt u gebruik maken van \u2018willekeurige vraagvolgorde\u2019, \u2018willekeurige antwoordvolgorde\u2019, \u2018alternatieven\u2019 en \u2018trekkingen\u2019. Een combinatie van deze oplossingen is ook mogelijk. U kunt de examens volledig online doen of uitprinten. Het nakijken gebeurt gemakkelijk en snel via onze Polar Exams app. U scant het antwoordenblad; de applicatie kijkt direct voor u na hoeveel vragen er goed en fout zijn. Hiermee bespaart u niet alleen een hoop tijd; u kunt uw kandidaten ook snel uitsluitsel geven over het resultaat. Overigens heeft u de mogelijkheid om de aanwezigheidslijsten tijdens de examensessie digitaal te scannen, zodat alleen gecontroleerde kandidaten een resultaat krijgen.<\/p>\n<p>&nbsp;<\/p>\n<p>Nieuwsgierig naar deze slimme manier van examineren? Neem vrijblijvend contact met ons op!<br \/>\n[\/vc_column_text][vc_empty_space height=&#8221;25px&#8221;][\/vc_column_inner][vc_column_inner width=&#8221;1\/12&#8243;][\/vc_column_inner][vc_column_inner width=&#8221;5\/12&#8243; css=&#8221;.vc_custom_1495102887452{padding-top: 20px !important;padding-right: 20px !important;padding-bottom: 20px !important;padding-left: 20px !important;background-color: #009cdf !important;}&#8221;][vc_column_text]<\/p>\n<h3 style=\"text-align: left;\">Voordelen<\/h3>\n<p>[\/vc_column_text][vc_empty_space height=&#8221;10px&#8221;][vc_column_text]<\/p>\n<ul>\n<li><span style=\"color: #ffffff;\"><strong>Online \u00e9n offline examens voor grote groepen<\/strong><\/span><\/li>\n<li><span style=\"color: #ffffff;\"><strong>Direct nagekeken<\/strong><\/span><\/li>\n<li><span style=\"color: #ffffff;\"><strong>Examens gemakkelijk samenstellen<\/strong><\/span><\/li>\n<li><span style=\"color: #ffffff;\"><strong>Randomiseren van vragen<\/strong><\/span><\/li>\n<li><span style=\"color: #ffffff;\"><strong>Versies toewijzen<\/strong><\/span><\/li>\n<\/ul>\n<p>[\/vc_column_text][vc_empty_space height=&#8221;40px&#8221;][vc_column_text]<\/p>\n<h3 style=\"text-align: left;\">Nieuwsgiering wat wij voor u kunnen doen?<\/h3>\n<p>[\/vc_column_text][vc_empty_space height=&#8221;20px&#8221;]<a  itemprop=\"url\" href=\"https:\/\/www.bluepolar.com\/nl\/wij-verbinden\/\" target=\"_self\"  class=\"qbutton  white default\" style=\"\">Maak een afspraak<\/a>[\/vc_column_inner][\/vc_row_inner][vc_empty_space height=&#8221;50px&#8221;][\/vc_tab][\/vc_tabs][\/vc_column][\/vc_row]<\/p>\n","protected":false},"excerpt":{"rendered":"<p>[vc_row css_animation=&#8221;&#8221; row_type=&#8221;row&#8221; use_row_as_full_screen_section=&#8221;no&#8221; type=&#8221;full_width&#8221; angled_section=&#8221;no&#8221; text_align=&#8221;left&#8221; background_image_as_pattern=&#8221;without_pattern&#8221;][vc_column][rev_slider_vc alias=&#8221;we-sell&#8221;][\/vc_column][\/vc_row][vc_row css_animation=&#8221;&#8221; row_type=&#8221;row&#8221; use_row_as_full_screen_section=&#8221;no&#8221; type=&#8221;grid&#8221; angled_section=&#8221;no&#8221; text_align=&#8221;center&#8221; background_image_as_pattern=&#8221;without_pattern&#8221;][vc_column][vc_empty_space height=&#8221;75px&#8221;][vc_tabs style=&#8221;boxed&#8221;][vc_tab title=&#8221;Polar Personal Planner&#8221; tab_id=&#8221;91cd2c62-57ca-7&#8243;][vc_empty_space height=&#8221;50px&#8221;][vc_column_text] Polar Personal Planner: Een verlofregistratie, personeelsplanning en urenverantwoording in \u00e9\u00e9n [\/vc_column_text][vc_empty_space height=&#8221;50px&#8221;][vc_row_inner row_type=&#8221;row&#8221; type=&#8221;full_width&#8221; text_align=&#8221;left&#8221; css_animation=&#8221;&#8221;][vc_column_inner width=&#8221;6\/12&#8243;][vc_column_text]Heeft u veel parttime en\/of flexibel&#8230;<\/p>\n","protected":false},"author":1,"featured_media":0,"parent":0,"menu_order":2,"comment_status":"closed","ping_status":"closed","template":"full_width.php","meta":[],"folder":[],"_links":{"self":[{"href":"https:\/\/www.bluepolar.com\/wp-json\/wp\/v2\/pages\/281"}],"collection":[{"href":"https:\/\/www.bluepolar.com\/wp-json\/wp\/v2\/pages"}],"about":[{"href":"https:\/\/www.bluepolar.com\/wp-json\/wp\/v2\/types\/page"}],"author":[{"embeddable":true,"href":"https:\/\/www.bluepolar.com\/wp-json\/wp\/v2\/users\/1"}],"replies":[{"embeddable":true,"href":"https:\/\/www.bluepolar.com\/wp-json\/wp\/v2\/comments?post=281"}],"version-history":[{"count":0,"href":"https:\/\/www.bluepolar.com\/wp-json\/wp\/v2\/pages\/281\/revisions"}],"wp:attachment":[{"href":"https:\/\/www.bluepolar.com\/wp-json\/wp\/v2\/media?parent=281"}],"wp:term":[{"taxonomy":"folder","embeddable":true,"href":"https:\/\/www.bluepolar.com\/wp-json\/wp\/v2\/folder?post=281"}],"curies":[{"name":"wp","href":"https:\/\/api.w.org\/{rel}","templated":true}]}}